{"id":2477,"date":"2020-04-07T10:26:31","date_gmt":"2020-04-07T09:26:31","guid":{"rendered":"http:\/\/www.sdb-arts.fr\/blog\/?page_id=2477"},"modified":"2020-04-09T16:53:12","modified_gmt":"2020-04-09T15:53:12","slug":"a-propos","status":"publish","type":"page","link":"http:\/\/www.sdb-arts.fr\/blog\/a-propos\/","title":{"rendered":"A propos"},"content":{"rendered":"<h2 style=\"text-align: center;\"><span style=\"font-family: frederickathegreat; font-weight: normal;\">A propos<\/span><\/h2>\n<table style=\"width: 100%; border-collapse: collapse; border-style: none; height: 24px;\">\n<tbody>\n<tr style=\"height: 24px;\">\n<td style=\"width: 50%; height: 24px;\">\n<p style=\"text-align: left;\"><img loading=\"lazy\" class=\"about_photo aligncenter\" src=\"http:\/\/www.sdb-arts.fr\/blog\/wp-content\/uploads\/2020\/04\/IMG_2400bis.png\" alt=\"\" width=\"275\" height=\"241\" \/><\/p>\n<\/td>\n<td style=\"width: 50%; height: 24px;\">\n<p style=\"text-align: left;\"><span style=\"font-family: arial, helvetica, sans-serif; font-size: 10pt;\">Dans les nuages, souriante et trop gentille, je traine mes crayons et mes couleurs partout, les mains noircies.<\/span><\/p>\n<p style=\"text-align: left;\"><span style=\"font-family: arial, helvetica, sans-serif; font-size: 10pt;\">Amoureuse du TGV et des Croissants chauds, \u00c9merveill\u00e9e de tout.<\/span><\/p>\n<p style=\"text-align: left;\"><span style=\"font-family: arial, helvetica, sans-serif; font-size: 10pt;\">Dans la vraie vie, je g\u00e8re les sous des gens, et parfois je leur sert aussi d&rsquo;assistante sociale.<\/span><\/p>\n<p style=\"text-align: left;\"><span style=\"font-family: arial, helvetica, sans-serif; font-size: 10pt;\">Si je t&rsquo;appelle mon chou, c&rsquo;est que tu vaux vraiment le coup, si je t&rsquo;appelle mon Lapin, c&rsquo;est que je t&rsquo;aime vraiment bien.<\/span><\/p>\n<\/td>\n<\/tr>\n<\/tbody>\n<\/table>\n<table style=\"width: 100%; border-collapse: collapse; border-style: none;\">\n<tbody>\n<tr>\n<td style=\"width: 50%;\">\n<h2 style=\"text-align: center;\"><span style=\"font-family: frederickathegreat; font-weight: normal;\">Contact<\/span><\/h2>\n<\/td>\n<td style=\"width: 50%; text-align: center;\"><img loading=\"lazy\" class=\"size-full wp-image-2490 aligncenter\" src=\"http:\/\/www.sdb-arts.fr\/blog\/wp-content\/uploads\/2020\/04\/Lapinou-lettre-JB-BIS.png\" alt=\"\" width=\"163\" height=\"102\" \/><\/td>\n<\/tr>\n<\/tbody>\n<\/table>\n<div id=\"comp-k5yftcy9\" class=\"txtNew\" data-packed=\"false\" data-min-height=\"10\">\n<p class=\"font_8\" style=\"text-align: center;\"><span style=\"font-size: 10pt;\">Pour me parler, me soumettre un projet, donner votre avis, ou juste m\u2019inviter dans un bon restaurant:<\/span><\/p>\n<\/div>\n<p style=\"text-align: center;\"><div role=\"form\" class=\"wpcf7\" id=\"wpcf7-f2511-o1\" lang=\"fr-FR\" dir=\"ltr\">\n<div class=\"screen-reader-response\"><p role=\"status\" aria-live=\"polite\" aria-atomic=\"true\"><\/p> <ul><\/ul><\/div>\n<form action=\"\/blog\/wp-json\/wp\/v2\/pages\/2477#wpcf7-f2511-o1\" method=\"post\" class=\"wpcf7-form init\" novalidate=\"novalidate\" data-status=\"init\">\n<div style=\"display: none;\">\n<input type=\"hidden\" name=\"_wpcf7\" value=\"2511\" \/>\n<input type=\"hidden\" name=\"_wpcf7_version\" value=\"5.6.1\" \/>\n<input type=\"hidden\" name=\"_wpcf7_locale\" value=\"fr_FR\" \/>\n<input type=\"hidden\" name=\"_wpcf7_unit_tag\" value=\"wpcf7-f2511-o1\" \/>\n<input type=\"hidden\" name=\"_wpcf7_container_post\" value=\"0\" \/>\n<input type=\"hidden\" name=\"_wpcf7_posted_data_hash\" value=\"\" \/>\n<\/div>\n<p>Votre nom<br \/>\n    <span class=\"wpcf7-form-control-wrap\" data-name=\"your-name\"><input type=\"text\" name=\"your-name\" value=\"\" size=\"40\" class=\"wpcf7-form-control wpcf7-text\" aria-invalid=\"false\" placeholder=\"nom\" \/><\/span> <\/p>\n<p>Votre pr\u00e9nom<br \/>\n<span class=\"wpcf7-form-control-wrap\" data-name=\"prenom\"><input type=\"text\" name=\"prenom\" value=\"\" size=\"40\" class=\"wpcf7-form-control wpcf7-text\" aria-invalid=\"false\" placeholder=\"pr\u00e9nom\" \/><\/span> <\/p>\n<p>Votre email (obligatoire)<br \/>\n    <span class=\"wpcf7-form-control-wrap\" data-name=\"your-email\"><input type=\"email\" name=\"your-email\" value=\"\" size=\"40\" class=\"wpcf7-form-control wpcf7-text wpcf7-email wpcf7-validates-as-required wpcf7-validates-as-email\" aria-required=\"true\" aria-invalid=\"false\" \/><\/span> <\/p>\n<p>Sujet<br \/>\n    <span class=\"wpcf7-form-control-wrap\" data-name=\"your-subject\"><input type=\"text\" name=\"your-subject\" value=\"\" size=\"40\" class=\"wpcf7-form-control wpcf7-text\" aria-invalid=\"false\" \/><\/span> <\/p>\n<p>Votre message<br \/>\n    <span class=\"wpcf7-form-control-wrap\" data-name=\"your-message\"><textarea name=\"your-message\" cols=\"40\" rows=\"10\" class=\"wpcf7-form-control wpcf7-textarea\" aria-invalid=\"false\"><\/textarea><\/span> <\/p>\n<p><input type=\"submit\" value=\"Envoyer\" class=\"wpcf7-form-control has-spinner wpcf7-submit\" \/><\/p>\n<p style=\"display: none !important;\"><label>&#916;<textarea name=\"_wpcf7_ak_hp_textarea\" cols=\"45\" rows=\"8\" maxlength=\"100\"><\/textarea><\/label><input type=\"hidden\" id=\"ak_js_1\" name=\"_wpcf7_ak_js\" value=\"143\"\/><script>document.getElementById( \"ak_js_1\" ).setAttribute( \"value\", ( new Date() ).getTime() );<\/script><\/p><div class=\"wpcf7-response-output\" aria-hidden=\"true\"><\/div><\/form><\/div><\/p>\n","protected":false},"excerpt":{"rendered":"<p>A propos Dans les nuages, souriante et trop gentille, je traine mes crayons et mes couleurs partout, les mains noircies. Amoureuse du TGV et des Croissants chauds, \u00c9merveill\u00e9e de tout. Dans la vraie vie, je g\u00e8re les sous des gens, et parfois je leur sert aussi d&rsquo;assistante sociale. Si je t&rsquo;appelle mon chou, c&rsquo;est que [&hellip;]<\/p>\n","protected":false},"author":1,"featured_media":0,"parent":0,"menu_order":0,"comment_status":"closed","ping_status":"closed","template":"about_contact.php","meta":[],"yoast_head":"<!-- This site is optimized with the Yoast SEO plugin v19.4 - https:\/\/yoast.com\/wordpress\/plugins\/seo\/ -->\n<title>A propos - Le Blog de So&#039;<\/title>\n<meta name=\"description\" content=\"A propos - Des d\u00e9lices et gribouillis \u00e0 toutes heures par Solange de Bengy\" \/>\n<meta name=\"robots\" content=\"index, follow, max-snippet:-1, max-image-preview:large, max-video-preview:-1\" \/>\n<link rel=\"canonical\" href=\"http:\/\/www.sdb-arts.fr\/blog\/a-propos\/\" \/>\n<meta property=\"og:locale\" content=\"fr_FR\" \/>\n<meta property=\"og:type\" content=\"article\" \/>\n<meta property=\"og:title\" content=\"A propos - Le Blog de So&#039;\" \/>\n<meta property=\"og:description\" content=\"A propos - Des d\u00e9lices et gribouillis \u00e0 toutes heures par Solange de Bengy\" \/>\n<meta property=\"og:url\" content=\"http:\/\/www.sdb-arts.fr\/blog\/a-propos\/\" \/>\n<meta property=\"og:site_name\" content=\"Le Blog de So&#039;\" \/>\n<meta property=\"article:publisher\" content=\"https:\/\/www.facebook.com\/Solangepetitcactus\" \/>\n<meta property=\"article:modified_time\" content=\"2020-04-09T15:53:12+00:00\" \/>\n<meta property=\"og:image\" content=\"http:\/\/www.sdb-arts.fr\/blog\/wp-content\/uploads\/2020\/04\/IMG_2400bis.png\" \/>\n<script type=\"application\/ld+json\" class=\"yoast-schema-graph\">{\"@context\":\"https:\/\/schema.org\",\"@graph\":[{\"@type\":\"WebSite\",\"@id\":\"https:\/\/www.sdb-arts.fr\/blog\/#website\",\"url\":\"https:\/\/www.sdb-arts.fr\/blog\/\",\"name\":\"Le Blog de So&#039;\",\"description\":\"D\u00e9lices et gribouillis \u00e0 toutes heures\",\"potentialAction\":[{\"@type\":\"SearchAction\",\"target\":{\"@type\":\"EntryPoint\",\"urlTemplate\":\"https:\/\/www.sdb-arts.fr\/blog\/?s={search_term_string}\"},\"query-input\":\"required name=search_term_string\"}],\"inLanguage\":\"fr-FR\"},{\"@type\":\"WebPage\",\"@id\":\"http:\/\/www.sdb-arts.fr\/blog\/a-propos\/\",\"url\":\"http:\/\/www.sdb-arts.fr\/blog\/a-propos\/\",\"name\":\"A propos - Le Blog de So&#039;\",\"isPartOf\":{\"@id\":\"https:\/\/www.sdb-arts.fr\/blog\/#website\"},\"datePublished\":\"2020-04-07T09:26:31+00:00\",\"dateModified\":\"2020-04-09T15:53:12+00:00\",\"description\":\"A propos - Des d\u00e9lices et gribouillis \u00e0 toutes heures par Solange de Bengy\",\"breadcrumb\":{\"@id\":\"http:\/\/www.sdb-arts.fr\/blog\/a-propos\/#breadcrumb\"},\"inLanguage\":\"fr-FR\",\"potentialAction\":[{\"@type\":\"ReadAction\",\"target\":[\"http:\/\/www.sdb-arts.fr\/blog\/a-propos\/\"]}]},{\"@type\":\"BreadcrumbList\",\"@id\":\"http:\/\/www.sdb-arts.fr\/blog\/a-propos\/#breadcrumb\",\"itemListElement\":[{\"@type\":\"ListItem\",\"position\":1,\"name\":\"Accueil\",\"item\":\"https:\/\/www.sdb-arts.fr\/blog\/\"},{\"@type\":\"ListItem\",\"position\":2,\"name\":\"A propos\"}]}]}<\/script>\n<!-- \/ Yoast SEO plugin. -->","yoast_head_json":{"title":"A propos - Le Blog de So&#039;","description":"A propos - Des d\u00e9lices et gribouillis \u00e0 toutes heures par Solange de Bengy","robots":{"index":"index","follow":"follow","max-snippet":"max-snippet:-1","max-image-preview":"max-image-preview:large","max-video-preview":"max-video-preview:-1"},"canonical":"http:\/\/www.sdb-arts.fr\/blog\/a-propos\/","og_locale":"fr_FR","og_type":"article","og_title":"A propos - Le Blog de So&#039;","og_description":"A propos - Des d\u00e9lices et gribouillis \u00e0 toutes heures par Solange de Bengy","og_url":"http:\/\/www.sdb-arts.fr\/blog\/a-propos\/","og_site_name":"Le Blog de So&#039;","article_publisher":"https:\/\/www.facebook.com\/Solangepetitcactus","article_modified_time":"2020-04-09T15:53:12+00:00","og_image":[{"url":"http:\/\/www.sdb-arts.fr\/blog\/wp-content\/uploads\/2020\/04\/IMG_2400bis.png"}],"schema":{"@context":"https:\/\/schema.org","@graph":[{"@type":"WebSite","@id":"https:\/\/www.sdb-arts.fr\/blog\/#website","url":"https:\/\/www.sdb-arts.fr\/blog\/","name":"Le Blog de So&#039;","description":"D\u00e9lices et gribouillis \u00e0 toutes heures","potentialAction":[{"@type":"SearchAction","target":{"@type":"EntryPoint","urlTemplate":"https:\/\/www.sdb-arts.fr\/blog\/?s={search_term_string}"},"query-input":"required name=search_term_string"}],"inLanguage":"fr-FR"},{"@type":"WebPage","@id":"http:\/\/www.sdb-arts.fr\/blog\/a-propos\/","url":"http:\/\/www.sdb-arts.fr\/blog\/a-propos\/","name":"A propos - Le Blog de So&#039;","isPartOf":{"@id":"https:\/\/www.sdb-arts.fr\/blog\/#website"},"datePublished":"2020-04-07T09:26:31+00:00","dateModified":"2020-04-09T15:53:12+00:00","description":"A propos - Des d\u00e9lices et gribouillis \u00e0 toutes heures par Solange de Bengy","breadcrumb":{"@id":"http:\/\/www.sdb-arts.fr\/blog\/a-propos\/#breadcrumb"},"inLanguage":"fr-FR","potentialAction":[{"@type":"ReadAction","target":["http:\/\/www.sdb-arts.fr\/blog\/a-propos\/"]}]},{"@type":"BreadcrumbList","@id":"http:\/\/www.sdb-arts.fr\/blog\/a-propos\/#breadcrumb","itemListElement":[{"@type":"ListItem","position":1,"name":"Accueil","item":"https:\/\/www.sdb-arts.fr\/blog\/"},{"@type":"ListItem","position":2,"name":"A propos"}]}]}},"_links":{"self":[{"href":"http:\/\/www.sdb-arts.fr\/blog\/wp-json\/wp\/v2\/pages\/2477"}],"collection":[{"href":"http:\/\/www.sdb-arts.fr\/blog\/wp-json\/wp\/v2\/pages"}],"about":[{"href":"http:\/\/www.sdb-arts.fr\/blog\/wp-json\/wp\/v2\/types\/page"}],"author":[{"embeddable":true,"href":"http:\/\/www.sdb-arts.fr\/blog\/wp-json\/wp\/v2\/users\/1"}],"replies":[{"embeddable":true,"href":"http:\/\/www.sdb-arts.fr\/blog\/wp-json\/wp\/v2\/comments?post=2477"}],"version-history":[{"count":16,"href":"http:\/\/www.sdb-arts.fr\/blog\/wp-json\/wp\/v2\/pages\/2477\/revisions"}],"predecessor-version":[{"id":2522,"href":"http:\/\/www.sdb-arts.fr\/blog\/wp-json\/wp\/v2\/pages\/2477\/revisions\/2522"}],"wp:attachment":[{"href":"http:\/\/www.sdb-arts.fr\/blog\/wp-json\/wp\/v2\/media?parent=2477"}],"curies":[{"name":"wp","href":"https:\/\/api.w.org\/{rel}","templated":true}]}}